{"id":2,"date":"2011-08-23T16:27:32","date_gmt":"2011-08-23T16:27:32","guid":{"rendered":"http:\/\/31.222.181.62\/wordpress\/?page_id=2"},"modified":"2011-11-13T14:57:59","modified_gmt":"2011-11-13T13:57:59","slug":"sample-page","status":"publish","type":"page","link":"https:\/\/www.nohup.se\/?page_id=2","title":{"rendered":"Om f\u00f6retaget"},"content":{"rendered":"<p>&nbsp;<\/p>\n<div>Vi g\u00f6r ditt val av fri programvara enkelt, naturligt och tryggt!<\/div>\n<div>\n<h2>Aff\u00e4rside<\/h2>\n<p>V\u00e5r aff\u00e4rside \u00e4r att tillhandah\u00e5lla trygghet, s\u00e4kerhet och kostnadseffektivitet f\u00f6r kundens IT-milj\u00f6 genom l\u00f6sningar baserade p\u00e5 fri programvara. Detta \u00e5stadkommer vi genom egen spetskompetens och ett v\u00e4l utbrett kontaktn\u00e4t samt en v\u00e4l fungerande arbetsmetod. V\u00e5r spetskompetens bibeh\u00e5ller vi genom deltagande i fria projekt, en aktiv omv\u00e4rldsanalys som innefattar nya produkter och teknologier samt genom ett internt och externt erfarenhetsutbyte.<\/p>\n<h2>Vision<\/h2>\n<p>V\u00e5r vision \u00e4r att vara den ledande leverant\u00f6ren av expertst\u00f6d kring \u00f6ppna system, baserade p\u00e5 \u00f6ppen teknik, fri programvara och \u00f6ppna, v\u00e4l bepr\u00f6vade standarder f\u00f6r kommunikation och interoperabililitet.<\/p>\n<p>Vi str\u00e4var efter l\u00e5ngsiktiga relationer med v\u00e5ra kunder baserat p\u00e5 h\u00f6g kvalitet i tekniska l\u00f6sningar och leverans. Vi str\u00e4var efter att anst\u00e4lla och liera oss med de fr\u00e4msta inom sina omr\u00e5den.<\/p>\n<p>Vi \u00e4r \u00f6vertygade om att du som kund tj\u00e4nar p\u00e5 att v\u00e4lja \u00f6ppna och fria l\u00f6sningar.<\/p>\n<\/div>\n<p>&nbsp;<\/p>\n","protected":false},"excerpt":{"rendered":"<p>&nbsp; Vi g\u00f6r ditt val av fri programvara enkelt, naturligt och tryggt! Aff\u00e4rside V\u00e5r aff\u00e4rside \u00e4r att tillhandah\u00e5lla trygghet, s\u00e4kerhet och kostnadseffektivitet f\u00f6r kundens IT-milj\u00f6 genom l\u00f6sningar baserade p\u00e5 fri programvara. Detta \u00e5stadkommer vi genom egen spetskompetens och ett v\u00e4l utbrett kontaktn\u00e4t samt en v\u00e4l fungerande arbetsmetod. V\u00e5r spetskompetens bibeh\u00e5ller vi genom deltagande i fria [&hellip;]<\/p>\n","protected":false},"author":1,"featured_media":0,"parent":0,"menu_order":0,"comment_status":"open","ping_status":"open","template":"","meta":[],"_links":{"self":[{"href":"https:\/\/www.nohup.se\/index.php?rest_route=\/wp\/v2\/pages\/2"}],"collection":[{"href":"https:\/\/www.nohup.se\/index.php?rest_route=\/wp\/v2\/pages"}],"about":[{"href":"https:\/\/www.nohup.se\/index.php?rest_route=\/wp\/v2\/types\/page"}],"author":[{"embeddable":true,"href":"https:\/\/www.nohup.se\/index.php?rest_route=\/wp\/v2\/users\/1"}],"replies":[{"embeddable":true,"href":"https:\/\/www.nohup.se\/index.php?rest_route=%2Fwp%2Fv2%2Fcomments&post=2"}],"version-history":[{"count":8,"href":"https:\/\/www.nohup.se\/index.php?rest_route=\/wp\/v2\/pages\/2\/revisions"}],"predecessor-version":[{"id":47,"href":"https:\/\/www.nohup.se\/index.php?rest_route=\/wp\/v2\/pages\/2\/revisions\/47"}],"wp:attachment":[{"href":"https:\/\/www.nohup.se\/index.php?rest_route=%2Fwp%2Fv2%2Fmedia&parent=2"}],"curies":[{"name":"wp","href":"https:\/\/api.w.org\/{rel}","templated":true}]}}