{"id":20,"date":"2011-08-31T14:14:44","date_gmt":"2011-08-31T12:14:44","guid":{"rendered":"http:\/\/31.222.181.62\/wordpress\/?page_id=20"},"modified":"2014-02-24T09:23:43","modified_gmt":"2014-02-24T08:23:43","slug":"kontakt","status":"publish","type":"page","link":"https:\/\/www.nohup.se\/?page_id=20","title":{"rendered":"Kontakt"},"content":{"rendered":"<div>Du kan n\u00e5 oss p\u00e5 f\u00f6ljande s\u00e4tt:<\/div>\n<div>\n<div>\n<ul>\n<li style=\"text-align: left;\">Telefon<br \/>\n070-781 60 69<\/li>\n<li style=\"text-align: left;\">E-post:<br \/>\nVD Lars Delhage\u00a0<a href=\"mailto:lars.delhage@nohup.se\">lasse@nohup.se<\/a><br \/>\nF\u00f6r allm\u00e4n information\u00a0<a href=\"mailto:info@nohup.se\">info@nohup.se<\/a><\/p>\n<p><!-- <img decoding=\"async\" loading=\"lazy\" class=\"alignright size-full wp-image-21\" title=\"gamlastan\" src=\"http:\/\/www.nohup.se\/wp-content\/uploads\/2011\/08\/gamlastan.gif\" alt=\"Gamla Stan\" width=\"316\" height=\"301\" \/> -->\n<\/li>\n<p><!--\t\n\n<li style=\"text-align: left;\">Postadress:\n\n\n<address>Nohup AB\nStortorget 1\nSE-111 29 Stockholm\nSverige<\/address>\n\n<\/li>\n\n -->\n<\/ul>\n<\/div>\n<\/div>\n","protected":false},"excerpt":{"rendered":"<p>Du kan n\u00e5 oss p\u00e5 f\u00f6ljande s\u00e4tt: Telefon 070-781 60 69 E-post: VD Lars Delhage\u00a0lasse@nohup.se F\u00f6r allm\u00e4n information\u00a0info@nohup.se<\/p>\n","protected":false},"author":1,"featured_media":0,"parent":0,"menu_order":4,"comment_status":"closed","ping_status":"open","template":"","meta":[],"_links":{"self":[{"href":"https:\/\/www.nohup.se\/index.php?rest_route=\/wp\/v2\/pages\/20"}],"collection":[{"href":"https:\/\/www.nohup.se\/index.php?rest_route=\/wp\/v2\/pages"}],"about":[{"href":"https:\/\/www.nohup.se\/index.php?rest_route=\/wp\/v2\/types\/page"}],"author":[{"embeddable":true,"href":"https:\/\/www.nohup.se\/index.php?rest_route=\/wp\/v2\/users\/1"}],"replies":[{"embeddable":true,"href":"https:\/\/www.nohup.se\/index.php?rest_route=%2Fwp%2Fv2%2Fcomments&post=20"}],"version-history":[{"count":7,"href":"https:\/\/www.nohup.se\/index.php?rest_route=\/wp\/v2\/pages\/20\/revisions"}],"predecessor-version":[{"id":49,"href":"https:\/\/www.nohup.se\/index.php?rest_route=\/wp\/v2\/pages\/20\/revisions\/49"}],"wp:attachment":[{"href":"https:\/\/www.nohup.se\/index.php?rest_route=%2Fwp%2Fv2%2Fmedia&parent=20"}],"curies":[{"name":"wp","href":"https:\/\/api.w.org\/{rel}","templated":true}]}}