{"id":8,"date":"2011-08-31T13:46:05","date_gmt":"2011-08-31T11:46:05","guid":{"rendered":"http:\/\/31.222.181.62\/wordpress\/?page_id=8"},"modified":"2011-11-13T14:58:53","modified_gmt":"2011-11-13T13:58:53","slug":"tjanster","status":"publish","type":"page","link":"https:\/\/www.nohup.se\/?page_id=8","title":{"rendered":"Tj\u00e4nster"},"content":{"rendered":"<h1>V\u00e5ra Tj\u00e4nster<\/h1>\n<div>\n<div>\n<p>Nohup har idag mycket h\u00f6g kompetens inom fri programvara. Vi \u00e4r engagerade och kunniga i GNU\/UNIX\/Linux\/BSD-l\u00f6sningar.<\/p>\n<p>Genom v\u00e5ra l\u00e5ngvariga och n\u00e4ra kontakter med flera stora GNU\/Linuxdistribut\u00f6rer har vi goda f\u00f6ruts\u00e4ttningarna f\u00f6r att h\u00e5lla v\u00e5ra kunskaper b\u00e5de gedigna och dagsf\u00e4rska.<\/p>\n<p>Vi str\u00e4var efter en l\u00e5ngvarig relation med v\u00e5ra kunder.<\/p>\n<\/div>\n<div>\n<dl>\n<dt><\/dt>\n<\/dl>\n<\/div>\n<\/div>\n","protected":false},"excerpt":{"rendered":"<p>V\u00e5ra Tj\u00e4nster Nohup har idag mycket h\u00f6g kompetens inom fri programvara. Vi \u00e4r engagerade och kunniga i GNU\/UNIX\/Linux\/BSD-l\u00f6sningar. Genom v\u00e5ra l\u00e5ngvariga och n\u00e4ra kontakter med flera stora GNU\/Linuxdistribut\u00f6rer har vi goda f\u00f6ruts\u00e4ttningarna f\u00f6r att h\u00e5lla v\u00e5ra kunskaper b\u00e5de gedigna och dagsf\u00e4rska. Vi str\u00e4var efter en l\u00e5ngvarig relation med v\u00e5ra kunder.<\/p>\n","protected":false},"author":1,"featured_media":0,"parent":0,"menu_order":0,"comment_status":"closed","ping_status":"open","template":"","meta":[],"_links":{"self":[{"href":"https:\/\/www.nohup.se\/index.php?rest_route=\/wp\/v2\/pages\/8"}],"collection":[{"href":"https:\/\/www.nohup.se\/index.php?rest_route=\/wp\/v2\/pages"}],"about":[{"href":"https:\/\/www.nohup.se\/index.php?rest_route=\/wp\/v2\/types\/page"}],"author":[{"embeddable":true,"href":"https:\/\/www.nohup.se\/index.php?rest_route=\/wp\/v2\/users\/1"}],"replies":[{"embeddable":true,"href":"https:\/\/www.nohup.se\/index.php?rest_route=%2Fwp%2Fv2%2Fcomments&post=8"}],"version-history":[{"count":10,"href":"https:\/\/www.nohup.se\/index.php?rest_route=\/wp\/v2\/pages\/8\/revisions"}],"predecessor-version":[{"id":48,"href":"https:\/\/www.nohup.se\/index.php?rest_route=\/wp\/v2\/pages\/8\/revisions\/48"}],"wp:attachment":[{"href":"https:\/\/www.nohup.se\/index.php?rest_route=%2Fwp%2Fv2%2Fmedia&parent=8"}],"curies":[{"name":"wp","href":"https:\/\/api.w.org\/{rel}","templated":true}]}}